{"id":233,"date":"2023-03-14T19:06:42","date_gmt":"2023-03-14T18:06:42","guid":{"rendered":"https:\/\/escale-corsica.ms.decms.eu\/?page_id=233"},"modified":"2023-03-14T19:14:56","modified_gmt":"2023-03-14T18:14:56","slug":"lescale-plage","status":"publish","type":"page","link":"https:\/\/www.hotel-escale.corsica\/it\/lescale-plage\/","title":{"rendered":"L&#8217;Escale plage"},"content":{"rendered":"<p style=\"text-align: center;\">Un\u2019esperienza vissuta all\u2019aria aperta, con i piedi nella sabbia, a due passi dal mare&#8230;<br \/>\nI nostri arredi minimalisti e sostenibili conferiscono all\u2019hotel un aspetto \u201cmonacale\u201d, dove sobriet\u00e0 rima con convivialit\u00e0.<\/p>\n<p style=\"text-align: center;\">Le Camere e i Bungalow, situati vicini sulla sabbia, non dispongono n\u00e9 di uno schermo televisivo, n\u00e9 del Wi-Fi, servizi disponibili gratuitamente al Bar-Terrazza dell\u2019hotel.<\/p>\n<p style=\"text-align: center;\">La disintossicazione digitale avviene gradualmente; il risveglio e l\u2019addormentamento si adattano all\u2019alba e alla notte stellata, poich\u00e9 si scoprono i benefici di una passeggiata o di un bagno in tutta tranquillit\u00e0&#8230; anche nel cuore pulsante dell\u2019estate!<\/p>\n<p style=\"text-align: center;\">La nobilt\u00e0 del Mediterraneo associata alla modestia del luogo diventa ammaliante<\/p>\n","protected":false},"excerpt":{"rendered":"<p>Un\u2019esperienza vissuta all\u2019aria aperta, con i piedi nella sabbia, a due passi dal mare&#8230; I nostri arredi minimalisti e sostenibili conferiscono all\u2019hotel un aspetto \u201cmonacale\u201d, dove sobriet\u00e0 rima con convivialit\u00e0. Le Camere e i Bungalow, situati vicini sulla sabbia, non dispongono n\u00e9 di uno schermo televisivo, n\u00e9 del Wi-Fi, servizi disponibili gratuitamente al Bar-Terrazza dell\u2019hotel. [&hellip;]<\/p>\n","protected":false},"author":15,"featured_media":0,"parent":0,"menu_order":0,"comment_status":"closed","ping_status":"closed","template":"","meta":{"footnotes":""},"class_list":["post-233","page","type-page","status-publish","hentry"],"yoast_head":"<!-- This site is optimized with the Yoast SEO plugin v26.9 - https:\/\/yoast.com\/product\/yoast-seo-wordpress\/ -->\n<title>L&#039;Escale plage - Escale Corsica<\/title>\n<meta name=\"description\" content=\"Un\u2019esperienza vissuta all\u2019aria aperta, con i piedi nella sabbia, a due passi dal mare... I nostri arredi minimalisti e sostenibili conferiscono all\u2019hotel\" \/>\n<meta name=\"robots\" content=\"index, follow, max-snippet:-1, max-image-preview:large, max-video-preview:-1\" \/>\n<link rel=\"canonical\" href=\"https:\/\/www.hotel-escale.corsica\/it\/lescale-plage\/\" \/>\n<meta property=\"og:locale\" content=\"it_IT\" \/>\n<meta property=\"og:type\" content=\"article\" \/>\n<meta property=\"og:title\" content=\"L&#039;Escale plage - Escale Corsica\" \/>\n<meta property=\"og:description\" content=\"Un\u2019esperienza vissuta all\u2019aria aperta, con i piedi nella sabbia, a due passi dal mare... I nostri arredi minimalisti e sostenibili conferiscono all\u2019hotel\" \/>\n<meta property=\"og:url\" content=\"https:\/\/www.hotel-escale.corsica\/it\/lescale-plage\/\" \/>\n<meta property=\"og:site_name\" content=\"Escale Corsica\" \/>\n<meta property=\"article:modified_time\" content=\"2023-03-14T18:14:56+00:00\" \/>\n<meta name=\"twitter:card\" content=\"summary_large_image\" \/>\n<meta name=\"twitter:label1\" content=\"Tempo di lettura stimato\" \/>\n\t<meta name=\"twitter:data1\" content=\"1 minuto\" \/>\n<script type=\"application\/ld+json\" class=\"yoast-schema-graph\">{\"@context\":\"https:\/\/schema.org\",\"@graph\":[{\"@type\":\"WebPage\",\"@id\":\"https:\/\/www.hotel-escale.corsica\/it\/lescale-plage\/\",\"url\":\"https:\/\/www.hotel-escale.corsica\/it\/lescale-plage\/\",\"name\":\"L'Escale plage - Escale Corsica\",\"isPartOf\":{\"@id\":\"https:\/\/www.hotel-escale.corsica\/it\/#website\"},\"datePublished\":\"2023-03-14T18:06:42+00:00\",\"dateModified\":\"2023-03-14T18:14:56+00:00\",\"description\":\"Un\u2019esperienza vissuta all\u2019aria aperta, con i piedi nella sabbia, a due passi dal mare... I nostri arredi minimalisti e sostenibili conferiscono all\u2019hotel\",\"breadcrumb\":{\"@id\":\"https:\/\/www.hotel-escale.corsica\/it\/lescale-plage\/#breadcrumb\"},\"inLanguage\":\"it-IT\",\"potentialAction\":[{\"@type\":\"ReadAction\",\"target\":[\"https:\/\/www.hotel-escale.corsica\/it\/lescale-plage\/\"]}]},{\"@type\":\"BreadcrumbList\",\"@id\":\"https:\/\/www.hotel-escale.corsica\/it\/lescale-plage\/#breadcrumb\",\"itemListElement\":[{\"@type\":\"ListItem\",\"position\":1,\"name\":\"Accueil\",\"item\":\"https:\/\/www.hotel-escale.corsica\/it\/\"},{\"@type\":\"ListItem\",\"position\":2,\"name\":\"L&#8217;Escale plage\"}]},{\"@type\":\"WebSite\",\"@id\":\"https:\/\/www.hotel-escale.corsica\/it\/#website\",\"url\":\"https:\/\/www.hotel-escale.corsica\/it\/\",\"name\":\"Escale Corsica\",\"description\":\"\",\"potentialAction\":[{\"@type\":\"SearchAction\",\"target\":{\"@type\":\"EntryPoint\",\"urlTemplate\":\"https:\/\/www.hotel-escale.corsica\/it\/?s={search_term_string}\"},\"query-input\":{\"@type\":\"PropertyValueSpecification\",\"valueRequired\":true,\"valueName\":\"search_term_string\"}}],\"inLanguage\":\"it-IT\"}]}<\/script>\n<!-- \/ Yoast SEO plugin. -->","yoast_head_json":{"title":"L'Escale plage - Escale Corsica","description":"Un\u2019esperienza vissuta all\u2019aria aperta, con i piedi nella sabbia, a due passi dal mare... I nostri arredi minimalisti e sostenibili conferiscono all\u2019hotel","robots":{"index":"index","follow":"follow","max-snippet":"max-snippet:-1","max-image-preview":"max-image-preview:large","max-video-preview":"max-video-preview:-1"},"canonical":"https:\/\/www.hotel-escale.corsica\/it\/lescale-plage\/","og_locale":"it_IT","og_type":"article","og_title":"L'Escale plage - Escale Corsica","og_description":"Un\u2019esperienza vissuta all\u2019aria aperta, con i piedi nella sabbia, a due passi dal mare... I nostri arredi minimalisti e sostenibili conferiscono all\u2019hotel","og_url":"https:\/\/www.hotel-escale.corsica\/it\/lescale-plage\/","og_site_name":"Escale Corsica","article_modified_time":"2023-03-14T18:14:56+00:00","twitter_card":"summary_large_image","twitter_misc":{"Tempo di lettura stimato":"1 minuto"},"schema":{"@context":"https:\/\/schema.org","@graph":[{"@type":"WebPage","@id":"https:\/\/www.hotel-escale.corsica\/it\/lescale-plage\/","url":"https:\/\/www.hotel-escale.corsica\/it\/lescale-plage\/","name":"L'Escale plage - Escale Corsica","isPartOf":{"@id":"https:\/\/www.hotel-escale.corsica\/it\/#website"},"datePublished":"2023-03-14T18:06:42+00:00","dateModified":"2023-03-14T18:14:56+00:00","description":"Un\u2019esperienza vissuta all\u2019aria aperta, con i piedi nella sabbia, a due passi dal mare... I nostri arredi minimalisti e sostenibili conferiscono all\u2019hotel","breadcrumb":{"@id":"https:\/\/www.hotel-escale.corsica\/it\/lescale-plage\/#breadcrumb"},"inLanguage":"it-IT","potentialAction":[{"@type":"ReadAction","target":["https:\/\/www.hotel-escale.corsica\/it\/lescale-plage\/"]}]},{"@type":"BreadcrumbList","@id":"https:\/\/www.hotel-escale.corsica\/it\/lescale-plage\/#breadcrumb","itemListElement":[{"@type":"ListItem","position":1,"name":"Accueil","item":"https:\/\/www.hotel-escale.corsica\/it\/"},{"@type":"ListItem","position":2,"name":"L&#8217;Escale plage"}]},{"@type":"WebSite","@id":"https:\/\/www.hotel-escale.corsica\/it\/#website","url":"https:\/\/www.hotel-escale.corsica\/it\/","name":"Escale Corsica","description":"","potentialAction":[{"@type":"SearchAction","target":{"@type":"EntryPoint","urlTemplate":"https:\/\/www.hotel-escale.corsica\/it\/?s={search_term_string}"},"query-input":{"@type":"PropertyValueSpecification","valueRequired":true,"valueName":"search_term_string"}}],"inLanguage":"it-IT"}]}},"acf":[],"_links":{"self":[{"href":"https:\/\/www.hotel-escale.corsica\/it\/wp-json\/wp\/v2\/pages\/233","targetHints":{"allow":["GET"]}}],"collection":[{"href":"https:\/\/www.hotel-escale.corsica\/it\/wp-json\/wp\/v2\/pages"}],"about":[{"href":"https:\/\/www.hotel-escale.corsica\/it\/wp-json\/wp\/v2\/types\/page"}],"author":[{"embeddable":true,"href":"https:\/\/www.hotel-escale.corsica\/it\/wp-json\/wp\/v2\/users\/15"}],"replies":[{"embeddable":true,"href":"https:\/\/www.hotel-escale.corsica\/it\/wp-json\/wp\/v2\/comments?post=233"}],"version-history":[{"count":0,"href":"https:\/\/www.hotel-escale.corsica\/it\/wp-json\/wp\/v2\/pages\/233\/revisions"}],"wp:attachment":[{"href":"https:\/\/www.hotel-escale.corsica\/it\/wp-json\/wp\/v2\/media?parent=233"}],"curies":[{"name":"wp","href":"https:\/\/api.w.org\/{rel}","templated":true}]}}