{"id":244,"date":"2023-03-17T17:52:04","date_gmt":"2023-03-17T16:52:04","guid":{"rendered":"https:\/\/escale-corsica.ms.decms.eu\/?page_id=244"},"modified":"2023-03-17T17:56:29","modified_gmt":"2023-03-17T16:56:29","slug":"reception","status":"publish","type":"page","link":"https:\/\/www.hotel-escale.corsica\/it\/services\/reception\/","title":{"rendered":"R\u00e9ception"},"content":{"rendered":"<p>I nostre receptionist multilingue vi accolgono dalle 08:00 alle 20:00, 7 giorni su 7.<br \/>\nA vostra completa disposizione perch\u00e9 il vostro soggiorno si svolga nelle migliori condizioni possibili, il nostro team \u00e8 lieto di fornirvi informazioni sulle molteplici offerte di ristoranti, visite e attivit\u00e0 nella regione Balagna.<br \/>\n<br \/>\nLa nostra rubrica dei \u201cbuoni indirizzi\u201d diventa la vostra!<br \/>\n<br \/>\nLingue parlate: francese \u2013 inglese \u2013 italiano<br \/>\n<br \/>\n<strong>Check-in: 16:00 \/ Check-out: 11:00 <\/strong><\/p>\n","protected":false},"excerpt":{"rendered":"<p>I nostre receptionist multilingue vi accolgono dalle 08:00 alle 20:00, 7 giorni su 7. A vostra completa disposizione perch\u00e9 il vostro soggiorno si svolga nelle migliori condizioni possibili, il nostro team \u00e8 lieto di fornirvi informazioni sulle molteplici offerte di ristoranti, visite e attivit\u00e0 nella regione Balagna. La nostra rubrica dei \u201cbuoni indirizzi\u201d diventa la [&hellip;]<\/p>\n","protected":false},"author":15,"featured_media":0,"parent":241,"menu_order":0,"comment_status":"closed","ping_status":"closed","template":"template-single-service.php","meta":{"footnotes":""},"class_list":["post-244","page","type-page","status-publish","hentry"],"yoast_head":"<!-- This site is optimized with the Yoast SEO plugin v26.9 - https:\/\/yoast.com\/product\/yoast-seo-wordpress\/ -->\n<title>R\u00e9ception - Escale Corsica<\/title>\n<meta name=\"description\" content=\"I nostre receptionist multilingue vi accolgono dalle 08:00 alle 20:00, 7 giorni su 7. A vostra completa disposizione perch\u00e9 il vostro soggiorno si svolga\" \/>\n<meta name=\"robots\" content=\"index, follow, max-snippet:-1, max-image-preview:large, max-video-preview:-1\" \/>\n<link rel=\"canonical\" href=\"https:\/\/www.hotel-escale.corsica\/it\/services\/reception\/\" \/>\n<meta property=\"og:locale\" content=\"it_IT\" \/>\n<meta property=\"og:type\" content=\"article\" \/>\n<meta property=\"og:title\" content=\"R\u00e9ception - Escale Corsica\" \/>\n<meta property=\"og:description\" content=\"I nostre receptionist multilingue vi accolgono dalle 08:00 alle 20:00, 7 giorni su 7. A vostra completa disposizione perch\u00e9 il vostro soggiorno si svolga\" \/>\n<meta property=\"og:url\" content=\"https:\/\/www.hotel-escale.corsica\/it\/services\/reception\/\" \/>\n<meta property=\"og:site_name\" content=\"Escale Corsica\" \/>\n<meta property=\"article:modified_time\" content=\"2023-03-17T16:56:29+00:00\" \/>\n<meta name=\"twitter:card\" content=\"summary_large_image\" \/>\n<meta name=\"twitter:label1\" content=\"Tempo di lettura stimato\" \/>\n\t<meta name=\"twitter:data1\" content=\"1 minuto\" \/>\n<script type=\"application\/ld+json\" class=\"yoast-schema-graph\">{\"@context\":\"https:\/\/schema.org\",\"@graph\":[{\"@type\":\"WebPage\",\"@id\":\"https:\/\/www.hotel-escale.corsica\/it\/services\/reception\/\",\"url\":\"https:\/\/www.hotel-escale.corsica\/it\/services\/reception\/\",\"name\":\"R\u00e9ception - Escale Corsica\",\"isPartOf\":{\"@id\":\"https:\/\/www.hotel-escale.corsica\/it\/#website\"},\"datePublished\":\"2023-03-17T16:52:04+00:00\",\"dateModified\":\"2023-03-17T16:56:29+00:00\",\"description\":\"I nostre receptionist multilingue vi accolgono dalle 08:00 alle 20:00, 7 giorni su 7. A vostra completa disposizione perch\u00e9 il vostro soggiorno si svolga\",\"breadcrumb\":{\"@id\":\"https:\/\/www.hotel-escale.corsica\/it\/services\/reception\/#breadcrumb\"},\"inLanguage\":\"it-IT\",\"potentialAction\":[{\"@type\":\"ReadAction\",\"target\":[\"https:\/\/www.hotel-escale.corsica\/it\/services\/reception\/\"]}]},{\"@type\":\"BreadcrumbList\",\"@id\":\"https:\/\/www.hotel-escale.corsica\/it\/services\/reception\/#breadcrumb\",\"itemListElement\":[{\"@type\":\"ListItem\",\"position\":1,\"name\":\"Accueil\",\"item\":\"https:\/\/www.hotel-escale.corsica\/it\/\"},{\"@type\":\"ListItem\",\"position\":2,\"name\":\"Services\",\"item\":\"https:\/\/www.hotel-escale.corsica\/it\/services\/\"},{\"@type\":\"ListItem\",\"position\":3,\"name\":\"R\u00e9ception\"}]},{\"@type\":\"WebSite\",\"@id\":\"https:\/\/www.hotel-escale.corsica\/it\/#website\",\"url\":\"https:\/\/www.hotel-escale.corsica\/it\/\",\"name\":\"Escale Corsica\",\"description\":\"\",\"potentialAction\":[{\"@type\":\"SearchAction\",\"target\":{\"@type\":\"EntryPoint\",\"urlTemplate\":\"https:\/\/www.hotel-escale.corsica\/it\/?s={search_term_string}\"},\"query-input\":{\"@type\":\"PropertyValueSpecification\",\"valueRequired\":true,\"valueName\":\"search_term_string\"}}],\"inLanguage\":\"it-IT\"}]}<\/script>\n<!-- \/ Yoast SEO plugin. -->","yoast_head_json":{"title":"R\u00e9ception - Escale Corsica","description":"I nostre receptionist multilingue vi accolgono dalle 08:00 alle 20:00, 7 giorni su 7. A vostra completa disposizione perch\u00e9 il vostro soggiorno si svolga","robots":{"index":"index","follow":"follow","max-snippet":"max-snippet:-1","max-image-preview":"max-image-preview:large","max-video-preview":"max-video-preview:-1"},"canonical":"https:\/\/www.hotel-escale.corsica\/it\/services\/reception\/","og_locale":"it_IT","og_type":"article","og_title":"R\u00e9ception - Escale Corsica","og_description":"I nostre receptionist multilingue vi accolgono dalle 08:00 alle 20:00, 7 giorni su 7. A vostra completa disposizione perch\u00e9 il vostro soggiorno si svolga","og_url":"https:\/\/www.hotel-escale.corsica\/it\/services\/reception\/","og_site_name":"Escale Corsica","article_modified_time":"2023-03-17T16:56:29+00:00","twitter_card":"summary_large_image","twitter_misc":{"Tempo di lettura stimato":"1 minuto"},"schema":{"@context":"https:\/\/schema.org","@graph":[{"@type":"WebPage","@id":"https:\/\/www.hotel-escale.corsica\/it\/services\/reception\/","url":"https:\/\/www.hotel-escale.corsica\/it\/services\/reception\/","name":"R\u00e9ception - Escale Corsica","isPartOf":{"@id":"https:\/\/www.hotel-escale.corsica\/it\/#website"},"datePublished":"2023-03-17T16:52:04+00:00","dateModified":"2023-03-17T16:56:29+00:00","description":"I nostre receptionist multilingue vi accolgono dalle 08:00 alle 20:00, 7 giorni su 7. A vostra completa disposizione perch\u00e9 il vostro soggiorno si svolga","breadcrumb":{"@id":"https:\/\/www.hotel-escale.corsica\/it\/services\/reception\/#breadcrumb"},"inLanguage":"it-IT","potentialAction":[{"@type":"ReadAction","target":["https:\/\/www.hotel-escale.corsica\/it\/services\/reception\/"]}]},{"@type":"BreadcrumbList","@id":"https:\/\/www.hotel-escale.corsica\/it\/services\/reception\/#breadcrumb","itemListElement":[{"@type":"ListItem","position":1,"name":"Accueil","item":"https:\/\/www.hotel-escale.corsica\/it\/"},{"@type":"ListItem","position":2,"name":"Services","item":"https:\/\/www.hotel-escale.corsica\/it\/services\/"},{"@type":"ListItem","position":3,"name":"R\u00e9ception"}]},{"@type":"WebSite","@id":"https:\/\/www.hotel-escale.corsica\/it\/#website","url":"https:\/\/www.hotel-escale.corsica\/it\/","name":"Escale Corsica","description":"","potentialAction":[{"@type":"SearchAction","target":{"@type":"EntryPoint","urlTemplate":"https:\/\/www.hotel-escale.corsica\/it\/?s={search_term_string}"},"query-input":{"@type":"PropertyValueSpecification","valueRequired":true,"valueName":"search_term_string"}}],"inLanguage":"it-IT"}]}},"acf":[],"_links":{"self":[{"href":"https:\/\/www.hotel-escale.corsica\/it\/wp-json\/wp\/v2\/pages\/244","targetHints":{"allow":["GET"]}}],"collection":[{"href":"https:\/\/www.hotel-escale.corsica\/it\/wp-json\/wp\/v2\/pages"}],"about":[{"href":"https:\/\/www.hotel-escale.corsica\/it\/wp-json\/wp\/v2\/types\/page"}],"author":[{"embeddable":true,"href":"https:\/\/www.hotel-escale.corsica\/it\/wp-json\/wp\/v2\/users\/15"}],"replies":[{"embeddable":true,"href":"https:\/\/www.hotel-escale.corsica\/it\/wp-json\/wp\/v2\/comments?post=244"}],"version-history":[{"count":0,"href":"https:\/\/www.hotel-escale.corsica\/it\/wp-json\/wp\/v2\/pages\/244\/revisions"}],"up":[{"embeddable":true,"href":"https:\/\/www.hotel-escale.corsica\/it\/wp-json\/wp\/v2\/pages\/241"}],"wp:attachment":[{"href":"https:\/\/www.hotel-escale.corsica\/it\/wp-json\/wp\/v2\/media?parent=244"}],"curies":[{"name":"wp","href":"https:\/\/api.w.org\/{rel}","templated":true}]}}