{"id":259,"date":"2023-03-17T18:17:38","date_gmt":"2023-03-17T17:17:38","guid":{"rendered":"https:\/\/escale-corsica.ms.decms.eu\/?page_id=259"},"modified":"2023-03-17T18:18:17","modified_gmt":"2023-03-17T17:18:17","slug":"coworking","status":"publish","type":"page","link":"https:\/\/www.hotel-escale.corsica\/it\/services\/coworking\/","title":{"rendered":"CoWorking"},"content":{"rendered":"<p>Riservato alla clientela dell\u2019hotel, questo spazio \u00e8 concepito per permettervi di lavorare come in ufficio: accesso a Wi-Fi ad altissima velocit\u00e0, computer, prese elettriche.<br \/>\n<br \/>\nIl CoWorking \u00e8 accessibile 7\/7, dalle 08:30 alle 20:00, previa prenotazione alla reception.<\/p>\n<p>L\u2019offerta include l\u2019accesso al Wi-Fi per massimo 3 ore:<\/p>\n<ul>\n<li>Per ora: 5 euro<\/li>\n<li>Mezza giornata (massimo 3 ore): 12 euro<\/li>\n<\/ul>\n","protected":false},"excerpt":{"rendered":"<p>Riservato alla clientela dell\u2019hotel, questo spazio \u00e8 concepito per permettervi di lavorare come in ufficio: accesso a Wi-Fi ad altissima velocit\u00e0, computer, prese elettriche. Il CoWorking \u00e8 accessibile 7\/7, dalle 08:30 alle 20:00, previa prenotazione alla reception. L\u2019offerta include l\u2019accesso al Wi-Fi per massimo 3 ore: Per ora: 5 euro Mezza giornata (massimo 3 ore): [&hellip;]<\/p>\n","protected":false},"author":15,"featured_media":0,"parent":241,"menu_order":70,"comment_status":"closed","ping_status":"closed","template":"template-single-service.php","meta":{"footnotes":""},"class_list":["post-259","page","type-page","status-publish","hentry"],"yoast_head":"<!-- This site is optimized with the Yoast SEO plugin v26.9 - https:\/\/yoast.com\/product\/yoast-seo-wordpress\/ -->\n<title>CoWorking - Escale Corsica<\/title>\n<meta name=\"description\" content=\"Riservato alla clientela dell\u2019hotel, questo spazio \u00e8 concepito per permettervi di lavorare come in ufficio: accesso a Wi-Fi ad altissima velocit\u00e0,\" \/>\n<meta name=\"robots\" content=\"index, follow, max-snippet:-1, max-image-preview:large, max-video-preview:-1\" \/>\n<link rel=\"canonical\" href=\"https:\/\/www.hotel-escale.corsica\/it\/services\/coworking\/\" \/>\n<meta property=\"og:locale\" content=\"it_IT\" \/>\n<meta property=\"og:type\" content=\"article\" \/>\n<meta property=\"og:title\" content=\"CoWorking - Escale Corsica\" \/>\n<meta property=\"og:description\" content=\"Riservato alla clientela dell\u2019hotel, questo spazio \u00e8 concepito per permettervi di lavorare come in ufficio: accesso a Wi-Fi ad altissima velocit\u00e0,\" \/>\n<meta property=\"og:url\" content=\"https:\/\/www.hotel-escale.corsica\/it\/services\/coworking\/\" \/>\n<meta property=\"og:site_name\" content=\"Escale Corsica\" \/>\n<meta property=\"article:modified_time\" content=\"2023-03-17T17:18:17+00:00\" \/>\n<meta name=\"twitter:card\" content=\"summary_large_image\" \/>\n<meta name=\"twitter:label1\" content=\"Tempo di lettura stimato\" \/>\n\t<meta name=\"twitter:data1\" content=\"1 minuto\" \/>\n<script type=\"application\/ld+json\" class=\"yoast-schema-graph\">{\"@context\":\"https:\/\/schema.org\",\"@graph\":[{\"@type\":\"WebPage\",\"@id\":\"https:\/\/www.hotel-escale.corsica\/it\/services\/coworking\/\",\"url\":\"https:\/\/www.hotel-escale.corsica\/it\/services\/coworking\/\",\"name\":\"CoWorking - Escale Corsica\",\"isPartOf\":{\"@id\":\"https:\/\/www.hotel-escale.corsica\/it\/#website\"},\"datePublished\":\"2023-03-17T17:17:38+00:00\",\"dateModified\":\"2023-03-17T17:18:17+00:00\",\"description\":\"Riservato alla clientela dell\u2019hotel, questo spazio \u00e8 concepito per permettervi di lavorare come in ufficio: accesso a Wi-Fi ad altissima velocit\u00e0,\",\"breadcrumb\":{\"@id\":\"https:\/\/www.hotel-escale.corsica\/it\/services\/coworking\/#breadcrumb\"},\"inLanguage\":\"it-IT\",\"potentialAction\":[{\"@type\":\"ReadAction\",\"target\":[\"https:\/\/www.hotel-escale.corsica\/it\/services\/coworking\/\"]}]},{\"@type\":\"BreadcrumbList\",\"@id\":\"https:\/\/www.hotel-escale.corsica\/it\/services\/coworking\/#breadcrumb\",\"itemListElement\":[{\"@type\":\"ListItem\",\"position\":1,\"name\":\"Accueil\",\"item\":\"https:\/\/www.hotel-escale.corsica\/it\/\"},{\"@type\":\"ListItem\",\"position\":2,\"name\":\"Services\",\"item\":\"https:\/\/www.hotel-escale.corsica\/it\/services\/\"},{\"@type\":\"ListItem\",\"position\":3,\"name\":\"CoWorking\"}]},{\"@type\":\"WebSite\",\"@id\":\"https:\/\/www.hotel-escale.corsica\/it\/#website\",\"url\":\"https:\/\/www.hotel-escale.corsica\/it\/\",\"name\":\"Escale Corsica\",\"description\":\"\",\"potentialAction\":[{\"@type\":\"SearchAction\",\"target\":{\"@type\":\"EntryPoint\",\"urlTemplate\":\"https:\/\/www.hotel-escale.corsica\/it\/?s={search_term_string}\"},\"query-input\":{\"@type\":\"PropertyValueSpecification\",\"valueRequired\":true,\"valueName\":\"search_term_string\"}}],\"inLanguage\":\"it-IT\"}]}<\/script>\n<!-- \/ Yoast SEO plugin. -->","yoast_head_json":{"title":"CoWorking - Escale Corsica","description":"Riservato alla clientela dell\u2019hotel, questo spazio \u00e8 concepito per permettervi di lavorare come in ufficio: accesso a Wi-Fi ad altissima velocit\u00e0,","robots":{"index":"index","follow":"follow","max-snippet":"max-snippet:-1","max-image-preview":"max-image-preview:large","max-video-preview":"max-video-preview:-1"},"canonical":"https:\/\/www.hotel-escale.corsica\/it\/services\/coworking\/","og_locale":"it_IT","og_type":"article","og_title":"CoWorking - Escale Corsica","og_description":"Riservato alla clientela dell\u2019hotel, questo spazio \u00e8 concepito per permettervi di lavorare come in ufficio: accesso a Wi-Fi ad altissima velocit\u00e0,","og_url":"https:\/\/www.hotel-escale.corsica\/it\/services\/coworking\/","og_site_name":"Escale Corsica","article_modified_time":"2023-03-17T17:18:17+00:00","twitter_card":"summary_large_image","twitter_misc":{"Tempo di lettura stimato":"1 minuto"},"schema":{"@context":"https:\/\/schema.org","@graph":[{"@type":"WebPage","@id":"https:\/\/www.hotel-escale.corsica\/it\/services\/coworking\/","url":"https:\/\/www.hotel-escale.corsica\/it\/services\/coworking\/","name":"CoWorking - Escale Corsica","isPartOf":{"@id":"https:\/\/www.hotel-escale.corsica\/it\/#website"},"datePublished":"2023-03-17T17:17:38+00:00","dateModified":"2023-03-17T17:18:17+00:00","description":"Riservato alla clientela dell\u2019hotel, questo spazio \u00e8 concepito per permettervi di lavorare come in ufficio: accesso a Wi-Fi ad altissima velocit\u00e0,","breadcrumb":{"@id":"https:\/\/www.hotel-escale.corsica\/it\/services\/coworking\/#breadcrumb"},"inLanguage":"it-IT","potentialAction":[{"@type":"ReadAction","target":["https:\/\/www.hotel-escale.corsica\/it\/services\/coworking\/"]}]},{"@type":"BreadcrumbList","@id":"https:\/\/www.hotel-escale.corsica\/it\/services\/coworking\/#breadcrumb","itemListElement":[{"@type":"ListItem","position":1,"name":"Accueil","item":"https:\/\/www.hotel-escale.corsica\/it\/"},{"@type":"ListItem","position":2,"name":"Services","item":"https:\/\/www.hotel-escale.corsica\/it\/services\/"},{"@type":"ListItem","position":3,"name":"CoWorking"}]},{"@type":"WebSite","@id":"https:\/\/www.hotel-escale.corsica\/it\/#website","url":"https:\/\/www.hotel-escale.corsica\/it\/","name":"Escale Corsica","description":"","potentialAction":[{"@type":"SearchAction","target":{"@type":"EntryPoint","urlTemplate":"https:\/\/www.hotel-escale.corsica\/it\/?s={search_term_string}"},"query-input":{"@type":"PropertyValueSpecification","valueRequired":true,"valueName":"search_term_string"}}],"inLanguage":"it-IT"}]}},"acf":[],"_links":{"self":[{"href":"https:\/\/www.hotel-escale.corsica\/it\/wp-json\/wp\/v2\/pages\/259","targetHints":{"allow":["GET"]}}],"collection":[{"href":"https:\/\/www.hotel-escale.corsica\/it\/wp-json\/wp\/v2\/pages"}],"about":[{"href":"https:\/\/www.hotel-escale.corsica\/it\/wp-json\/wp\/v2\/types\/page"}],"author":[{"embeddable":true,"href":"https:\/\/www.hotel-escale.corsica\/it\/wp-json\/wp\/v2\/users\/15"}],"replies":[{"embeddable":true,"href":"https:\/\/www.hotel-escale.corsica\/it\/wp-json\/wp\/v2\/comments?post=259"}],"version-history":[{"count":0,"href":"https:\/\/www.hotel-escale.corsica\/it\/wp-json\/wp\/v2\/pages\/259\/revisions"}],"up":[{"embeddable":true,"href":"https:\/\/www.hotel-escale.corsica\/it\/wp-json\/wp\/v2\/pages\/241"}],"wp:attachment":[{"href":"https:\/\/www.hotel-escale.corsica\/it\/wp-json\/wp\/v2\/media?parent=259"}],"curies":[{"name":"wp","href":"https:\/\/api.w.org\/{rel}","templated":true}]}}