{"id":317,"date":"2023-03-23T12:03:15","date_gmt":"2023-03-23T11:03:15","guid":{"rendered":"https:\/\/escale-corsica.ms.decms.eu\/?page_id=317"},"modified":"2023-03-23T12:05:52","modified_gmt":"2023-03-23T11:05:52","slug":"bungalow-24-m%c2%b2","status":"publish","type":"page","link":"https:\/\/www.hotel-escale.corsica\/it\/alloggio\/bungalow-24-m%c2%b2\/","title":{"rendered":"Bungalow 24 m\u00b2"},"content":{"rendered":"<p style=\"text-align: center;\">Il bungalow di 24 m\u00b2 \u00e8 una formula di alloggio pensata per garantire il benessere delle vacanze residenziali. Affittato per un soggiorno di minimo sette notti, vi accoglie comodamente \u201csulla riva del mare\u201d, con nessun altro obiettivo oltre a quello di approfittare al massimo della magnifica baia di Algajola&#8230;<\/p>\n<p style=\"text-align: center;\">Attrezzato per ospitare le persone a mobilit\u00e0 ridotta (PMR), questo alloggio rende la vostra quotidianit\u00e0 \u201csemplice\u201d!<br \/>\nI pasti non sono pi\u00f9 una costrizione, poich\u00e9 la cucina \u00e8 semplice e leggera.<\/p>\n","protected":false},"excerpt":{"rendered":"<p>Il bungalow di 24 m\u00b2 \u00e8 una formula di alloggio pensata per garantire il benessere delle vacanze residenziali. Affittato per un soggiorno di minimo sette notti, vi accoglie comodamente \u201csulla riva del mare\u201d, con nessun altro obiettivo oltre a quello di approfittare al massimo della magnifica baia di Algajola&#8230; Attrezzato per ospitare le persone a [&hellip;]<\/p>\n","protected":false},"author":15,"featured_media":0,"parent":236,"menu_order":20,"comment_status":"closed","ping_status":"closed","template":"template-single-room.php","meta":{"footnotes":""},"class_list":["post-317","page","type-page","status-publish","hentry"],"yoast_head":"<!-- This site is optimized with the Yoast SEO plugin v26.9 - https:\/\/yoast.com\/product\/yoast-seo-wordpress\/ -->\n<title>Bungalow 24 m\u00b2 - Escale Corsica<\/title>\n<meta name=\"description\" content=\"Il bungalow di 24 m\u00b2 \u00e8 una formula di alloggio pensata per garantire il benessere delle vacanze residenziali. Affittato per un soggiorno di minimo sette\" \/>\n<meta name=\"robots\" content=\"index, follow, max-snippet:-1, max-image-preview:large, max-video-preview:-1\" \/>\n<link rel=\"canonical\" href=\"https:\/\/www.hotel-escale.corsica\/it\/alloggio\/bungalow-24-m%c2%b2\/\" \/>\n<meta property=\"og:locale\" content=\"it_IT\" \/>\n<meta property=\"og:type\" content=\"article\" \/>\n<meta property=\"og:title\" content=\"Bungalow 24 m\u00b2 - Escale Corsica\" \/>\n<meta property=\"og:description\" content=\"Il bungalow di 24 m\u00b2 \u00e8 una formula di alloggio pensata per garantire il benessere delle vacanze residenziali. Affittato per un soggiorno di minimo sette\" \/>\n<meta property=\"og:url\" content=\"https:\/\/www.hotel-escale.corsica\/it\/alloggio\/bungalow-24-m%c2%b2\/\" \/>\n<meta property=\"og:site_name\" content=\"Escale Corsica\" \/>\n<meta property=\"article:modified_time\" content=\"2023-03-23T11:05:52+00:00\" \/>\n<meta name=\"twitter:card\" content=\"summary_large_image\" \/>\n<meta name=\"twitter:label1\" content=\"Tempo di lettura stimato\" \/>\n\t<meta name=\"twitter:data1\" content=\"1 minuto\" \/>\n<script type=\"application\/ld+json\" class=\"yoast-schema-graph\">{\"@context\":\"https:\/\/schema.org\",\"@graph\":[{\"@type\":\"WebPage\",\"@id\":\"https:\/\/www.hotel-escale.corsica\/it\/alloggio\/bungalow-24-m%c2%b2\/\",\"url\":\"https:\/\/www.hotel-escale.corsica\/it\/alloggio\/bungalow-24-m%c2%b2\/\",\"name\":\"Bungalow 24 m\u00b2 - Escale Corsica\",\"isPartOf\":{\"@id\":\"https:\/\/www.hotel-escale.corsica\/it\/#website\"},\"datePublished\":\"2023-03-23T11:03:15+00:00\",\"dateModified\":\"2023-03-23T11:05:52+00:00\",\"description\":\"Il bungalow di 24 m\u00b2 \u00e8 una formula di alloggio pensata per garantire il benessere delle vacanze residenziali. Affittato per un soggiorno di minimo sette\",\"breadcrumb\":{\"@id\":\"https:\/\/www.hotel-escale.corsica\/it\/alloggio\/bungalow-24-m%c2%b2\/#breadcrumb\"},\"inLanguage\":\"it-IT\",\"potentialAction\":[{\"@type\":\"ReadAction\",\"target\":[\"https:\/\/www.hotel-escale.corsica\/it\/alloggio\/bungalow-24-m%c2%b2\/\"]}]},{\"@type\":\"BreadcrumbList\",\"@id\":\"https:\/\/www.hotel-escale.corsica\/it\/alloggio\/bungalow-24-m%c2%b2\/#breadcrumb\",\"itemListElement\":[{\"@type\":\"ListItem\",\"position\":1,\"name\":\"Accueil\",\"item\":\"https:\/\/www.hotel-escale.corsica\/it\/\"},{\"@type\":\"ListItem\",\"position\":2,\"name\":\"Alloggio\",\"item\":\"https:\/\/www.hotel-escale.corsica\/it\/alloggio\/\"},{\"@type\":\"ListItem\",\"position\":3,\"name\":\"Bungalow 24 m\u00b2\"}]},{\"@type\":\"WebSite\",\"@id\":\"https:\/\/www.hotel-escale.corsica\/it\/#website\",\"url\":\"https:\/\/www.hotel-escale.corsica\/it\/\",\"name\":\"Escale Corsica\",\"description\":\"\",\"potentialAction\":[{\"@type\":\"SearchAction\",\"target\":{\"@type\":\"EntryPoint\",\"urlTemplate\":\"https:\/\/www.hotel-escale.corsica\/it\/?s={search_term_string}\"},\"query-input\":{\"@type\":\"PropertyValueSpecification\",\"valueRequired\":true,\"valueName\":\"search_term_string\"}}],\"inLanguage\":\"it-IT\"}]}<\/script>\n<!-- \/ Yoast SEO plugin. -->","yoast_head_json":{"title":"Bungalow 24 m\u00b2 - Escale Corsica","description":"Il bungalow di 24 m\u00b2 \u00e8 una formula di alloggio pensata per garantire il benessere delle vacanze residenziali. Affittato per un soggiorno di minimo sette","robots":{"index":"index","follow":"follow","max-snippet":"max-snippet:-1","max-image-preview":"max-image-preview:large","max-video-preview":"max-video-preview:-1"},"canonical":"https:\/\/www.hotel-escale.corsica\/it\/alloggio\/bungalow-24-m%c2%b2\/","og_locale":"it_IT","og_type":"article","og_title":"Bungalow 24 m\u00b2 - Escale Corsica","og_description":"Il bungalow di 24 m\u00b2 \u00e8 una formula di alloggio pensata per garantire il benessere delle vacanze residenziali. Affittato per un soggiorno di minimo sette","og_url":"https:\/\/www.hotel-escale.corsica\/it\/alloggio\/bungalow-24-m%c2%b2\/","og_site_name":"Escale Corsica","article_modified_time":"2023-03-23T11:05:52+00:00","twitter_card":"summary_large_image","twitter_misc":{"Tempo di lettura stimato":"1 minuto"},"schema":{"@context":"https:\/\/schema.org","@graph":[{"@type":"WebPage","@id":"https:\/\/www.hotel-escale.corsica\/it\/alloggio\/bungalow-24-m%c2%b2\/","url":"https:\/\/www.hotel-escale.corsica\/it\/alloggio\/bungalow-24-m%c2%b2\/","name":"Bungalow 24 m\u00b2 - Escale Corsica","isPartOf":{"@id":"https:\/\/www.hotel-escale.corsica\/it\/#website"},"datePublished":"2023-03-23T11:03:15+00:00","dateModified":"2023-03-23T11:05:52+00:00","description":"Il bungalow di 24 m\u00b2 \u00e8 una formula di alloggio pensata per garantire il benessere delle vacanze residenziali. Affittato per un soggiorno di minimo sette","breadcrumb":{"@id":"https:\/\/www.hotel-escale.corsica\/it\/alloggio\/bungalow-24-m%c2%b2\/#breadcrumb"},"inLanguage":"it-IT","potentialAction":[{"@type":"ReadAction","target":["https:\/\/www.hotel-escale.corsica\/it\/alloggio\/bungalow-24-m%c2%b2\/"]}]},{"@type":"BreadcrumbList","@id":"https:\/\/www.hotel-escale.corsica\/it\/alloggio\/bungalow-24-m%c2%b2\/#breadcrumb","itemListElement":[{"@type":"ListItem","position":1,"name":"Accueil","item":"https:\/\/www.hotel-escale.corsica\/it\/"},{"@type":"ListItem","position":2,"name":"Alloggio","item":"https:\/\/www.hotel-escale.corsica\/it\/alloggio\/"},{"@type":"ListItem","position":3,"name":"Bungalow 24 m\u00b2"}]},{"@type":"WebSite","@id":"https:\/\/www.hotel-escale.corsica\/it\/#website","url":"https:\/\/www.hotel-escale.corsica\/it\/","name":"Escale Corsica","description":"","potentialAction":[{"@type":"SearchAction","target":{"@type":"EntryPoint","urlTemplate":"https:\/\/www.hotel-escale.corsica\/it\/?s={search_term_string}"},"query-input":{"@type":"PropertyValueSpecification","valueRequired":true,"valueName":"search_term_string"}}],"inLanguage":"it-IT"}]}},"acf":[],"_links":{"self":[{"href":"https:\/\/www.hotel-escale.corsica\/it\/wp-json\/wp\/v2\/pages\/317","targetHints":{"allow":["GET"]}}],"collection":[{"href":"https:\/\/www.hotel-escale.corsica\/it\/wp-json\/wp\/v2\/pages"}],"about":[{"href":"https:\/\/www.hotel-escale.corsica\/it\/wp-json\/wp\/v2\/types\/page"}],"author":[{"embeddable":true,"href":"https:\/\/www.hotel-escale.corsica\/it\/wp-json\/wp\/v2\/users\/15"}],"replies":[{"embeddable":true,"href":"https:\/\/www.hotel-escale.corsica\/it\/wp-json\/wp\/v2\/comments?post=317"}],"version-history":[{"count":0,"href":"https:\/\/www.hotel-escale.corsica\/it\/wp-json\/wp\/v2\/pages\/317\/revisions"}],"up":[{"embeddable":true,"href":"https:\/\/www.hotel-escale.corsica\/it\/wp-json\/wp\/v2\/pages\/236"}],"wp:attachment":[{"href":"https:\/\/www.hotel-escale.corsica\/it\/wp-json\/wp\/v2\/media?parent=317"}],"curies":[{"name":"wp","href":"https:\/\/api.w.org\/{rel}","templated":true}]}}